{"id":381,"date":"2026-01-24T16:57:27","date_gmt":"2026-01-24T15:57:27","guid":{"rendered":"https:\/\/uwucon.co\/afterdark\/?page_id=381"},"modified":"2026-02-02T01:57:21","modified_gmt":"2026-02-02T00:57:21","slug":"nosotros","status":"publish","type":"page","link":"https:\/\/uwucon.co\/afterdark\/nosotros\/","title":{"rendered":"Nosotros"},"content":{"rendered":"\t\t<div data-elementor-type=\"wp-page\" data-elementor-id=\"381\" class=\"elementor elementor-381\">\n\t\t\t\t<div class=\"elementor-element elementor-element-51db74e e-con-full e-flex e-con e-parent\" data-id=\"51db74e\" data-element_type=\"container\" data-settings=\"{&quot;background_background&quot;:&quot;classic&quot;}\">\n\t\t<div class=\"elementor-element elementor-element-500ae18 e-con-full e-flex e-con e-child\" data-id=\"500ae18\" data-element_type=\"container\">\n\t\t\t\t<div class=\"elementor-element elementor-element-0a87822 elementor-widget elementor-widget-image\" data-id=\"0a87822\" data-element_type=\"widget\" data-widget_type=\"image.default\">\n\t\t\t\t<div class=\"elementor-widget-container\">\n\t\t\t\t\t\t\t\t\t\t\t\t\t\t\t<img fetchpriority=\"high\" decoding=\"async\" width=\"800\" height=\"494\" src=\"https:\/\/uwucon.co\/afterdark\/wp-content\/uploads\/2026\/01\/logo-tipografia.webp\" class=\"attachment-large size-large wp-image-222\" alt=\"\" srcset=\"https:\/\/uwucon.co\/afterdark\/wp-content\/uploads\/2026\/01\/logo-tipografia.webp 1000w, https:\/\/uwucon.co\/afterdark\/wp-content\/uploads\/2026\/01\/logo-tipografia-300x185.webp 300w, https:\/\/uwucon.co\/afterdark\/wp-content\/uploads\/2026\/01\/logo-tipografia-768x475.webp 768w\" sizes=\"(max-width: 800px) 100vw, 800px\" \/>\t\t\t\t\t\t\t\t\t\t\t\t\t\t\t<\/div>\n\t\t\t\t<\/div>\n\t\t\t\t<\/div>\n\t\t<div class=\"elementor-element elementor-element-252f0d5 e-con-full e-flex e-con e-child\" data-id=\"252f0d5\" data-element_type=\"container\">\n\t\t\t\t<div class=\"elementor-element elementor-element-ae82f8e fuenteUWU elementor-widget elementor-widget-heading\" data-id=\"ae82f8e\" data-element_type=\"widget\" data-widget_type=\"heading.default\">\n\t\t\t\t<div class=\"elementor-widget-container\">\n\t\t\t\t\t<h1 class=\"elementor-heading-title elementor-size-default\">Nosotros<\/h1>\t\t\t\t<\/div>\n\t\t\t\t<\/div>\n\t\t\t\t<\/div>\n\t\t<div class=\"elementor-element elementor-element-7b3717a e-con-full e-flex e-con e-child\" data-id=\"7b3717a\" data-element_type=\"container\">\n\t\t\t\t<\/div>\n\t\t\t\t<\/div>\n\t\t<div class=\"elementor-element elementor-element-ab746cb e-flex e-con-boxed e-con e-parent\" data-id=\"ab746cb\" data-element_type=\"container\">\n\t\t\t\t\t<div class=\"e-con-inner\">\n\t\t\t\t<div class=\"elementor-element elementor-element-3c114e1 elementor-widget elementor-widget-text-editor\" data-id=\"3c114e1\" data-element_type=\"widget\" data-widget_type=\"text-editor.default\">\n\t\t\t\t<div class=\"elementor-widget-container\">\n\t\t\t\t\t\t\t\t\t<h2><strong>UwU nace como un s\u00edmbolo de comunidad, constancia y fandom.<\/strong><\/h2><p><strong>Antes que nada, somos fans. As\u00ed pensamos y as\u00ed construimos todo lo que hacemos.<\/strong><\/p><p>Durante mucho tiempo, Colombia tuvo un calendario muy limitado para la comunidad geek. Hab\u00eda pocos espacios para entrenar jugadores de esports, presentarse con proyectos de K-pop, mostrar cosplay o simplemente encontrarse con otros que compartieran los mismos intereses. En un pa\u00eds donde muchas<br \/>personas sue\u00f1an con profesionalizar su pasi\u00f3n, la pregunta era clara: \u00bfd\u00f3nde hacerlo si casi no existen escenarios?<\/p><p><strong>De esa necesidad nace UwU.<\/strong><\/p><p>UwU es una serie de eventos y festivales creados para promover la cultura geek, el fandom y la comunidad, entendiendo que estos espacios no solo entretienen, sino que forman, conectan y abren oportunidades reales.<\/p><p>En menos de un a\u00f1o, UwU ha realizado un festival geek con m\u00e1s de 5.000 asistentes (agosto de 2025) y cuatro ediciones de UwUAfterDark, un concepto nocturno que convierte la fiesta en una excusa m\u00e1s para usar tu cosplay, sacarlo del cl\u00f3set y vivirlo fuera de las convenciones.<\/p><p>Gracias a la respuesta del p\u00fablico, UwU se prepara para dar el siguiente paso: una gira nacional de UwUAfterDark por distintas ciudades de Colombia, y la planificaci\u00f3n de UwUCon 2, pensada esta vez en formato festival.<\/p><p>Adem\u00e1s, nace UwURookies, un proyecto enfocado en crear un primer escenario para cosplayers principiantes. Un espacio con jurados, m\u00fasica, din\u00e1micas y acompa\u00f1amiento, dise\u00f1ado para que nuevas personas pierdan el miedo, ganen experiencia y se preparen para escenarios m\u00e1s grandes.<\/p><p>UwU no es solo un evento.<br \/>Es una plataforma para quienes aman esta cultura y quieren vivirla, compartirla y crecer dentro de ella.<\/p>\t\t\t\t\t\t\t\t<\/div>\n\t\t\t\t<\/div>\n\t\t\t\t\t<\/div>\n\t\t\t\t<\/div>\n\t\t\t\t<\/div>\n\t\t","protected":false},"excerpt":{"rendered":"<p>Nosotros UwU nace como un s\u00edmbolo de comunidad, constancia y fandom. Antes que nada, somos fans. As\u00ed pensamos y as\u00ed construimos todo lo que hacemos. Durante mucho tiempo, Colombia tuvo un calendario muy limitado para la comunidad geek. Hab\u00eda pocos espacios para entrenar jugadores de esports, presentarse con proyectos de K-pop, mostrar cosplay o simplemente [&hellip;]<\/p>\n","protected":false},"author":1,"featured_media":0,"parent":0,"menu_order":0,"comment_status":"closed","ping_status":"closed","template":"elementor_header_footer","meta":{"footnotes":""},"class_list":["post-381","page","type-page","status-publish","hentry"],"yoast_head":"<!-- This site is optimized with the Yoast SEO plugin v26.8 - https:\/\/yoast.com\/product\/yoast-seo-wordpress\/ -->\n<title>Nosotros - UWUCON AFTERDARK<\/title>\n<meta name=\"robots\" content=\"index, follow, max-snippet:-1, max-image-preview:large, max-video-preview:-1\" \/>\n<link rel=\"canonical\" href=\"https:\/\/uwucon.co\/afterdark\/nosotros\/\" \/>\n<meta property=\"og:locale\" content=\"es_ES\" \/>\n<meta property=\"og:type\" content=\"article\" \/>\n<meta property=\"og:title\" content=\"Nosotros - UWUCON AFTERDARK\" \/>\n<meta property=\"og:description\" content=\"Nosotros UwU nace como un s\u00edmbolo de comunidad, constancia y fandom. Antes que nada, somos fans. As\u00ed pensamos y as\u00ed construimos todo lo que hacemos. Durante mucho tiempo, Colombia tuvo un calendario muy limitado para la comunidad geek. Hab\u00eda pocos espacios para entrenar jugadores de esports, presentarse con proyectos de K-pop, mostrar cosplay o simplemente [&hellip;]\" \/>\n<meta property=\"og:url\" content=\"https:\/\/uwucon.co\/afterdark\/nosotros\/\" \/>\n<meta property=\"og:site_name\" content=\"UWUCON AFTERDARK\" \/>\n<meta property=\"article:modified_time\" content=\"2026-02-02T00:57:21+00:00\" \/>\n<meta property=\"og:image\" content=\"https:\/\/uwucon.co\/afterdark\/wp-content\/uploads\/2026\/01\/logo-tipografia.webp\" \/>\n\t<meta property=\"og:image:width\" content=\"1000\" \/>\n\t<meta property=\"og:image:height\" content=\"618\" \/>\n\t<meta property=\"og:image:type\" content=\"image\/webp\" \/>\n<meta name=\"twitter:card\" content=\"summary_large_image\" \/>\n<meta name=\"twitter:label1\" content=\"Tiempo de lectura\" \/>\n\t<meta name=\"twitter:data1\" content=\"2 minutos\" \/>\n<script type=\"application\/ld+json\" class=\"yoast-schema-graph\">{\"@context\":\"https:\/\/schema.org\",\"@graph\":[{\"@type\":\"WebPage\",\"@id\":\"https:\/\/uwucon.co\/afterdark\/nosotros\/\",\"url\":\"https:\/\/uwucon.co\/afterdark\/nosotros\/\",\"name\":\"Nosotros - UWUCON AFTERDARK\",\"isPartOf\":{\"@id\":\"https:\/\/uwucon.co\/afterdark\/#website\"},\"primaryImageOfPage\":{\"@id\":\"https:\/\/uwucon.co\/afterdark\/nosotros\/#primaryimage\"},\"image\":{\"@id\":\"https:\/\/uwucon.co\/afterdark\/nosotros\/#primaryimage\"},\"thumbnailUrl\":\"https:\/\/uwucon.co\/afterdark\/wp-content\/uploads\/2026\/01\/logo-tipografia.webp\",\"datePublished\":\"2026-01-24T15:57:27+00:00\",\"dateModified\":\"2026-02-02T00:57:21+00:00\",\"breadcrumb\":{\"@id\":\"https:\/\/uwucon.co\/afterdark\/nosotros\/#breadcrumb\"},\"inLanguage\":\"es\",\"potentialAction\":[{\"@type\":\"ReadAction\",\"target\":[\"https:\/\/uwucon.co\/afterdark\/nosotros\/\"]}]},{\"@type\":\"ImageObject\",\"inLanguage\":\"es\",\"@id\":\"https:\/\/uwucon.co\/afterdark\/nosotros\/#primaryimage\",\"url\":\"https:\/\/uwucon.co\/afterdark\/wp-content\/uploads\/2026\/01\/logo-tipografia.webp\",\"contentUrl\":\"https:\/\/uwucon.co\/afterdark\/wp-content\/uploads\/2026\/01\/logo-tipografia.webp\",\"width\":1000,\"height\":618},{\"@type\":\"BreadcrumbList\",\"@id\":\"https:\/\/uwucon.co\/afterdark\/nosotros\/#breadcrumb\",\"itemListElement\":[{\"@type\":\"ListItem\",\"position\":1,\"name\":\"Home\",\"item\":\"https:\/\/uwucon.co\/afterdark\/\"},{\"@type\":\"ListItem\",\"position\":2,\"name\":\"Nosotros\"}]},{\"@type\":\"WebSite\",\"@id\":\"https:\/\/uwucon.co\/afterdark\/#website\",\"url\":\"https:\/\/uwucon.co\/afterdark\/\",\"name\":\"UWUCON AFTERDARK\",\"description\":\"\",\"potentialAction\":[{\"@type\":\"SearchAction\",\"target\":{\"@type\":\"EntryPoint\",\"urlTemplate\":\"https:\/\/uwucon.co\/afterdark\/?s={search_term_string}\"},\"query-input\":{\"@type\":\"PropertyValueSpecification\",\"valueRequired\":true,\"valueName\":\"search_term_string\"}}],\"inLanguage\":\"es\"}]}<\/script>\n<!-- \/ Yoast SEO plugin. -->","yoast_head_json":{"title":"Nosotros - UWUCON AFTERDARK","robots":{"index":"index","follow":"follow","max-snippet":"max-snippet:-1","max-image-preview":"max-image-preview:large","max-video-preview":"max-video-preview:-1"},"canonical":"https:\/\/uwucon.co\/afterdark\/nosotros\/","og_locale":"es_ES","og_type":"article","og_title":"Nosotros - UWUCON AFTERDARK","og_description":"Nosotros UwU nace como un s\u00edmbolo de comunidad, constancia y fandom. Antes que nada, somos fans. As\u00ed pensamos y as\u00ed construimos todo lo que hacemos. Durante mucho tiempo, Colombia tuvo un calendario muy limitado para la comunidad geek. Hab\u00eda pocos espacios para entrenar jugadores de esports, presentarse con proyectos de K-pop, mostrar cosplay o simplemente [&hellip;]","og_url":"https:\/\/uwucon.co\/afterdark\/nosotros\/","og_site_name":"UWUCON AFTERDARK","article_modified_time":"2026-02-02T00:57:21+00:00","og_image":[{"width":1000,"height":618,"url":"https:\/\/uwucon.co\/afterdark\/wp-content\/uploads\/2026\/01\/logo-tipografia.webp","type":"image\/webp"}],"twitter_card":"summary_large_image","twitter_misc":{"Tiempo de lectura":"2 minutos"},"schema":{"@context":"https:\/\/schema.org","@graph":[{"@type":"WebPage","@id":"https:\/\/uwucon.co\/afterdark\/nosotros\/","url":"https:\/\/uwucon.co\/afterdark\/nosotros\/","name":"Nosotros - UWUCON AFTERDARK","isPartOf":{"@id":"https:\/\/uwucon.co\/afterdark\/#website"},"primaryImageOfPage":{"@id":"https:\/\/uwucon.co\/afterdark\/nosotros\/#primaryimage"},"image":{"@id":"https:\/\/uwucon.co\/afterdark\/nosotros\/#primaryimage"},"thumbnailUrl":"https:\/\/uwucon.co\/afterdark\/wp-content\/uploads\/2026\/01\/logo-tipografia.webp","datePublished":"2026-01-24T15:57:27+00:00","dateModified":"2026-02-02T00:57:21+00:00","breadcrumb":{"@id":"https:\/\/uwucon.co\/afterdark\/nosotros\/#breadcrumb"},"inLanguage":"es","potentialAction":[{"@type":"ReadAction","target":["https:\/\/uwucon.co\/afterdark\/nosotros\/"]}]},{"@type":"ImageObject","inLanguage":"es","@id":"https:\/\/uwucon.co\/afterdark\/nosotros\/#primaryimage","url":"https:\/\/uwucon.co\/afterdark\/wp-content\/uploads\/2026\/01\/logo-tipografia.webp","contentUrl":"https:\/\/uwucon.co\/afterdark\/wp-content\/uploads\/2026\/01\/logo-tipografia.webp","width":1000,"height":618},{"@type":"BreadcrumbList","@id":"https:\/\/uwucon.co\/afterdark\/nosotros\/#breadcrumb","itemListElement":[{"@type":"ListItem","position":1,"name":"Home","item":"https:\/\/uwucon.co\/afterdark\/"},{"@type":"ListItem","position":2,"name":"Nosotros"}]},{"@type":"WebSite","@id":"https:\/\/uwucon.co\/afterdark\/#website","url":"https:\/\/uwucon.co\/afterdark\/","name":"UWUCON AFTERDARK","description":"","potentialAction":[{"@type":"SearchAction","target":{"@type":"EntryPoint","urlTemplate":"https:\/\/uwucon.co\/afterdark\/?s={search_term_string}"},"query-input":{"@type":"PropertyValueSpecification","valueRequired":true,"valueName":"search_term_string"}}],"inLanguage":"es"}]}},"_links":{"self":[{"href":"https:\/\/uwucon.co\/afterdark\/wp-json\/wp\/v2\/pages\/381","targetHints":{"allow":["GET"]}}],"collection":[{"href":"https:\/\/uwucon.co\/afterdark\/wp-json\/wp\/v2\/pages"}],"about":[{"href":"https:\/\/uwucon.co\/afterdark\/wp-json\/wp\/v2\/types\/page"}],"author":[{"embeddable":true,"href":"https:\/\/uwucon.co\/afterdark\/wp-json\/wp\/v2\/users\/1"}],"replies":[{"embeddable":true,"href":"https:\/\/uwucon.co\/afterdark\/wp-json\/wp\/v2\/comments?post=381"}],"version-history":[{"count":13,"href":"https:\/\/uwucon.co\/afterdark\/wp-json\/wp\/v2\/pages\/381\/revisions"}],"predecessor-version":[{"id":518,"href":"https:\/\/uwucon.co\/afterdark\/wp-json\/wp\/v2\/pages\/381\/revisions\/518"}],"wp:attachment":[{"href":"https:\/\/uwucon.co\/afterdark\/wp-json\/wp\/v2\/media?parent=381"}],"curies":[{"name":"wp","href":"https:\/\/api.w.org\/{rel}","templated":true}]}}