{"id":340,"date":"2026-01-24T16:21:37","date_gmt":"2026-01-24T15:21:37","guid":{"rendered":"https:\/\/uwucon.co\/afterdark\/?page_id=340"},"modified":"2026-02-02T01:58:18","modified_gmt":"2026-02-02T00:58:18","slug":"privacy","status":"publish","type":"page","link":"https:\/\/uwucon.co\/afterdark\/privacy\/","title":{"rendered":"Pol\u00edtica de privacidad"},"content":{"rendered":"\t\t<div data-elementor-type=\"wp-page\" data-elementor-id=\"340\" class=\"elementor elementor-340\">\n\t\t\t\t<div class=\"elementor-element elementor-element-2460c3c e-con-full e-flex e-con e-parent\" data-id=\"2460c3c\" data-element_type=\"container\" data-settings=\"{&quot;background_background&quot;:&quot;classic&quot;}\">\n\t\t<div class=\"elementor-element elementor-element-df661f9 e-con-full e-flex e-con e-child\" data-id=\"df661f9\" data-element_type=\"container\">\n\t\t\t\t<div class=\"elementor-element elementor-element-df16413 elementor-widget elementor-widget-image\" data-id=\"df16413\" data-element_type=\"widget\" data-widget_type=\"image.default\">\n\t\t\t\t<div class=\"elementor-widget-container\">\n\t\t\t\t\t\t\t\t\t\t\t\t\t\t\t<img fetchpriority=\"high\" decoding=\"async\" width=\"800\" height=\"494\" src=\"https:\/\/uwucon.co\/afterdark\/wp-content\/uploads\/2026\/01\/logo-tipografia.webp\" class=\"attachment-large size-large wp-image-222\" alt=\"\" srcset=\"https:\/\/uwucon.co\/afterdark\/wp-content\/uploads\/2026\/01\/logo-tipografia.webp 1000w, https:\/\/uwucon.co\/afterdark\/wp-content\/uploads\/2026\/01\/logo-tipografia-300x185.webp 300w, https:\/\/uwucon.co\/afterdark\/wp-content\/uploads\/2026\/01\/logo-tipografia-768x475.webp 768w\" sizes=\"(max-width: 800px) 100vw, 800px\" \/>\t\t\t\t\t\t\t\t\t\t\t\t\t\t\t<\/div>\n\t\t\t\t<\/div>\n\t\t\t\t<\/div>\n\t\t<div class=\"elementor-element elementor-element-447bc97 e-con-full e-flex e-con e-child\" data-id=\"447bc97\" data-element_type=\"container\">\n\t\t\t\t<div class=\"elementor-element elementor-element-d0e34b1 fuenteUWU elementor-widget elementor-widget-heading\" data-id=\"d0e34b1\" data-element_type=\"widget\" data-widget_type=\"heading.default\">\n\t\t\t\t<div class=\"elementor-widget-container\">\n\t\t\t\t\t<h1 class=\"elementor-heading-title elementor-size-default\">Pol\u00edtica de privacidad<\/h1>\t\t\t\t<\/div>\n\t\t\t\t<\/div>\n\t\t\t\t<\/div>\n\t\t<div class=\"elementor-element elementor-element-214d4f9 e-con-full e-flex e-con e-child\" data-id=\"214d4f9\" data-element_type=\"container\">\n\t\t\t\t<\/div>\n\t\t\t\t<\/div>\n\t\t<div class=\"elementor-element elementor-element-11310d5 e-flex e-con-boxed e-con e-parent\" data-id=\"11310d5\" data-element_type=\"container\">\n\t\t\t\t\t<div class=\"e-con-inner\">\n\t\t\t\t<div class=\"elementor-element elementor-element-8cdabbf elementor-widget elementor-widget-button\" data-id=\"8cdabbf\" data-element_type=\"widget\" data-widget_type=\"button.default\">\n\t\t\t\t<div class=\"elementor-widget-container\">\n\t\t\t\t\t\t\t\t\t<div class=\"elementor-button-wrapper\">\n\t\t\t\t\t<a class=\"elementor-button elementor-button-link elementor-size-sm\" href=\"\/afterdark\/tos\">\n\t\t\t\t\t\t<span class=\"elementor-button-content-wrapper\">\n\t\t\t\t\t\t\t\t\t<span class=\"elementor-button-text\">T\u00e9rminos y condiciones<\/span>\n\t\t\t\t\t<\/span>\n\t\t\t\t\t<\/a>\n\t\t\t\t<\/div>\n\t\t\t\t\t\t\t\t<\/div>\n\t\t\t\t<\/div>\n\t\t\t\t<div class=\"elementor-element elementor-element-29a70d6 elementor-widget elementor-widget-button\" data-id=\"29a70d6\" data-element_type=\"widget\" data-widget_type=\"button.default\">\n\t\t\t\t<div class=\"elementor-widget-container\">\n\t\t\t\t\t\t\t\t\t<div class=\"elementor-button-wrapper\">\n\t\t\t\t\t<a class=\"elementor-button elementor-button-link elementor-size-sm\" href=\"\/afterdark\/privacy\">\n\t\t\t\t\t\t<span class=\"elementor-button-content-wrapper\">\n\t\t\t\t\t\t\t\t\t<span class=\"elementor-button-text\">Pol\u00edtica de privacidad<\/span>\n\t\t\t\t\t<\/span>\n\t\t\t\t\t<\/a>\n\t\t\t\t<\/div>\n\t\t\t\t\t\t\t\t<\/div>\n\t\t\t\t<\/div>\n\t\t\t\t<div class=\"elementor-element elementor-element-9abf427 elementor-widget elementor-widget-button\" data-id=\"9abf427\" data-element_type=\"widget\" data-widget_type=\"button.default\">\n\t\t\t\t<div class=\"elementor-widget-container\">\n\t\t\t\t\t\t\t\t\t<div class=\"elementor-button-wrapper\">\n\t\t\t\t\t<a class=\"elementor-button elementor-button-link elementor-size-sm\" href=\"\/afterdark\/faq\">\n\t\t\t\t\t\t<span class=\"elementor-button-content-wrapper\">\n\t\t\t\t\t\t\t\t\t<span class=\"elementor-button-text\">Preguntas frecuentes<\/span>\n\t\t\t\t\t<\/span>\n\t\t\t\t\t<\/a>\n\t\t\t\t<\/div>\n\t\t\t\t\t\t\t\t<\/div>\n\t\t\t\t<\/div>\n\t\t\t\t\t<\/div>\n\t\t\t\t<\/div>\n\t\t<div class=\"elementor-element elementor-element-a61da9c e-flex e-con-boxed e-con e-parent\" data-id=\"a61da9c\" data-element_type=\"container\">\n\t\t\t\t\t<div class=\"e-con-inner\">\n\t\t\t\t<div class=\"elementor-element elementor-element-c8da396 elementor-widget elementor-widget-text-editor\" data-id=\"c8da396\" data-element_type=\"widget\" data-widget_type=\"text-editor.default\">\n\t\t\t\t<div class=\"elementor-widget-container\">\n\t\t\t\t\t\t\t\t\t<ol><li>UwUAfterDark recopila \u00fanicamente la informaci\u00f3n necesaria para la correcta operaci\u00f3n del evento y la experiencia del usuario.<\/li><li>Los datos recopilados pueden incluir nombre, correo electr\u00f3nico, n\u00famero de contacto y datos asociados a la compra de entradas. Esta informaci\u00f3n se utiliza para la gesti\u00f3n de boleter\u00eda,\u00a0 comunicaciones relacionadas con el evento y futuras actividades de UwUAfterDark y UwUCon.<\/li><li>Los datos podr\u00e1n ser compartidos \u00fanicamente con plataformas de boleter\u00eda y proveedores t\u00e9cnicos necesarios para la operaci\u00f3n del evento. UwUAfterDark no vende ni comercializa datos personales con terceros.<\/li><li>El material audiovisual captado durante el evento podr\u00e1 ser utilizado en redes sociales, p\u00e1gina web, campa\u00f1as de comunicaci\u00f3n y piezas promocionales.<\/li><li>Los usuarios pueden solicitar acceso, modificaci\u00f3n o eliminaci\u00f3n de sus datos, as\u00ed como retirar su consentimiento para comunicaciones futuras, escribiendo a los canales oficiales de contacto.<\/li><li>UwUAfterDark adopta medidas razonables para proteger la informaci\u00f3n personal, entendiendo que parte del tratamiento de datos depende tambi\u00e9n de plataformas externas utilizadas para la boleter\u00eda y comunicaci\u00f3n.<\/li><\/ol>\t\t\t\t\t\t\t\t<\/div>\n\t\t\t\t<\/div>\n\t\t\t\t\t<\/div>\n\t\t\t\t<\/div>\n\t\t\t\t<\/div>\n\t\t","protected":false},"excerpt":{"rendered":"<p>Pol\u00edtica de privacidad T\u00e9rminos y condiciones Pol\u00edtica de privacidad Preguntas frecuentes UwUAfterDark recopila \u00fanicamente la informaci\u00f3n necesaria para la correcta operaci\u00f3n del evento y la experiencia del usuario. Los datos recopilados pueden incluir nombre, correo electr\u00f3nico, n\u00famero de contacto y datos asociados a la compra de entradas. Esta informaci\u00f3n se utiliza para la gesti\u00f3n de [&hellip;]<\/p>\n","protected":false},"author":1,"featured_media":0,"parent":0,"menu_order":0,"comment_status":"closed","ping_status":"closed","template":"elementor_header_footer","meta":{"footnotes":""},"class_list":["post-340","page","type-page","status-publish","hentry"],"yoast_head":"<!-- This site is optimized with the Yoast SEO plugin v26.8 - https:\/\/yoast.com\/product\/yoast-seo-wordpress\/ -->\n<title>Pol\u00edtica de privacidad - UWUCON AFTERDARK<\/title>\n<meta name=\"robots\" content=\"index, follow, max-snippet:-1, max-image-preview:large, max-video-preview:-1\" \/>\n<link rel=\"canonical\" href=\"https:\/\/uwucon.co\/afterdark\/privacy\/\" \/>\n<meta property=\"og:locale\" content=\"es_ES\" \/>\n<meta property=\"og:type\" content=\"article\" \/>\n<meta property=\"og:title\" content=\"Pol\u00edtica de privacidad - UWUCON AFTERDARK\" \/>\n<meta property=\"og:description\" content=\"Pol\u00edtica de privacidad T\u00e9rminos y condiciones Pol\u00edtica de privacidad Preguntas frecuentes UwUAfterDark recopila \u00fanicamente la informaci\u00f3n necesaria para la correcta operaci\u00f3n del evento y la experiencia del usuario. Los datos recopilados pueden incluir nombre, correo electr\u00f3nico, n\u00famero de contacto y datos asociados a la compra de entradas. Esta informaci\u00f3n se utiliza para la gesti\u00f3n de [&hellip;]\" \/>\n<meta property=\"og:url\" content=\"https:\/\/uwucon.co\/afterdark\/privacy\/\" \/>\n<meta property=\"og:site_name\" content=\"UWUCON AFTERDARK\" \/>\n<meta property=\"article:modified_time\" content=\"2026-02-02T00:58:18+00:00\" \/>\n<meta property=\"og:image\" content=\"https:\/\/uwucon.co\/afterdark\/wp-content\/uploads\/2026\/01\/logo-tipografia.webp\" \/>\n\t<meta property=\"og:image:width\" content=\"1000\" \/>\n\t<meta property=\"og:image:height\" content=\"618\" \/>\n\t<meta property=\"og:image:type\" content=\"image\/webp\" \/>\n<meta name=\"twitter:card\" content=\"summary_large_image\" \/>\n<meta name=\"twitter:label1\" content=\"Tiempo de lectura\" \/>\n\t<meta name=\"twitter:data1\" content=\"1 minuto\" \/>\n<script type=\"application\/ld+json\" class=\"yoast-schema-graph\">{\"@context\":\"https:\/\/schema.org\",\"@graph\":[{\"@type\":\"WebPage\",\"@id\":\"https:\/\/uwucon.co\/afterdark\/privacy\/\",\"url\":\"https:\/\/uwucon.co\/afterdark\/privacy\/\",\"name\":\"Pol\u00edtica de privacidad - UWUCON AFTERDARK\",\"isPartOf\":{\"@id\":\"https:\/\/uwucon.co\/afterdark\/#website\"},\"primaryImageOfPage\":{\"@id\":\"https:\/\/uwucon.co\/afterdark\/privacy\/#primaryimage\"},\"image\":{\"@id\":\"https:\/\/uwucon.co\/afterdark\/privacy\/#primaryimage\"},\"thumbnailUrl\":\"https:\/\/uwucon.co\/afterdark\/wp-content\/uploads\/2026\/01\/logo-tipografia.webp\",\"datePublished\":\"2026-01-24T15:21:37+00:00\",\"dateModified\":\"2026-02-02T00:58:18+00:00\",\"breadcrumb\":{\"@id\":\"https:\/\/uwucon.co\/afterdark\/privacy\/#breadcrumb\"},\"inLanguage\":\"es\",\"potentialAction\":[{\"@type\":\"ReadAction\",\"target\":[\"https:\/\/uwucon.co\/afterdark\/privacy\/\"]}]},{\"@type\":\"ImageObject\",\"inLanguage\":\"es\",\"@id\":\"https:\/\/uwucon.co\/afterdark\/privacy\/#primaryimage\",\"url\":\"https:\/\/uwucon.co\/afterdark\/wp-content\/uploads\/2026\/01\/logo-tipografia.webp\",\"contentUrl\":\"https:\/\/uwucon.co\/afterdark\/wp-content\/uploads\/2026\/01\/logo-tipografia.webp\",\"width\":1000,\"height\":618},{\"@type\":\"BreadcrumbList\",\"@id\":\"https:\/\/uwucon.co\/afterdark\/privacy\/#breadcrumb\",\"itemListElement\":[{\"@type\":\"ListItem\",\"position\":1,\"name\":\"Home\",\"item\":\"https:\/\/uwucon.co\/afterdark\/\"},{\"@type\":\"ListItem\",\"position\":2,\"name\":\"Pol\u00edtica de privacidad\"}]},{\"@type\":\"WebSite\",\"@id\":\"https:\/\/uwucon.co\/afterdark\/#website\",\"url\":\"https:\/\/uwucon.co\/afterdark\/\",\"name\":\"UWUCON AFTERDARK\",\"description\":\"\",\"potentialAction\":[{\"@type\":\"SearchAction\",\"target\":{\"@type\":\"EntryPoint\",\"urlTemplate\":\"https:\/\/uwucon.co\/afterdark\/?s={search_term_string}\"},\"query-input\":{\"@type\":\"PropertyValueSpecification\",\"valueRequired\":true,\"valueName\":\"search_term_string\"}}],\"inLanguage\":\"es\"}]}<\/script>\n<!-- \/ Yoast SEO plugin. -->","yoast_head_json":{"title":"Pol\u00edtica de privacidad - UWUCON AFTERDARK","robots":{"index":"index","follow":"follow","max-snippet":"max-snippet:-1","max-image-preview":"max-image-preview:large","max-video-preview":"max-video-preview:-1"},"canonical":"https:\/\/uwucon.co\/afterdark\/privacy\/","og_locale":"es_ES","og_type":"article","og_title":"Pol\u00edtica de privacidad - UWUCON AFTERDARK","og_description":"Pol\u00edtica de privacidad T\u00e9rminos y condiciones Pol\u00edtica de privacidad Preguntas frecuentes UwUAfterDark recopila \u00fanicamente la informaci\u00f3n necesaria para la correcta operaci\u00f3n del evento y la experiencia del usuario. Los datos recopilados pueden incluir nombre, correo electr\u00f3nico, n\u00famero de contacto y datos asociados a la compra de entradas. Esta informaci\u00f3n se utiliza para la gesti\u00f3n de [&hellip;]","og_url":"https:\/\/uwucon.co\/afterdark\/privacy\/","og_site_name":"UWUCON AFTERDARK","article_modified_time":"2026-02-02T00:58:18+00:00","og_image":[{"width":1000,"height":618,"url":"https:\/\/uwucon.co\/afterdark\/wp-content\/uploads\/2026\/01\/logo-tipografia.webp","type":"image\/webp"}],"twitter_card":"summary_large_image","twitter_misc":{"Tiempo de lectura":"1 minuto"},"schema":{"@context":"https:\/\/schema.org","@graph":[{"@type":"WebPage","@id":"https:\/\/uwucon.co\/afterdark\/privacy\/","url":"https:\/\/uwucon.co\/afterdark\/privacy\/","name":"Pol\u00edtica de privacidad - UWUCON AFTERDARK","isPartOf":{"@id":"https:\/\/uwucon.co\/afterdark\/#website"},"primaryImageOfPage":{"@id":"https:\/\/uwucon.co\/afterdark\/privacy\/#primaryimage"},"image":{"@id":"https:\/\/uwucon.co\/afterdark\/privacy\/#primaryimage"},"thumbnailUrl":"https:\/\/uwucon.co\/afterdark\/wp-content\/uploads\/2026\/01\/logo-tipografia.webp","datePublished":"2026-01-24T15:21:37+00:00","dateModified":"2026-02-02T00:58:18+00:00","breadcrumb":{"@id":"https:\/\/uwucon.co\/afterdark\/privacy\/#breadcrumb"},"inLanguage":"es","potentialAction":[{"@type":"ReadAction","target":["https:\/\/uwucon.co\/afterdark\/privacy\/"]}]},{"@type":"ImageObject","inLanguage":"es","@id":"https:\/\/uwucon.co\/afterdark\/privacy\/#primaryimage","url":"https:\/\/uwucon.co\/afterdark\/wp-content\/uploads\/2026\/01\/logo-tipografia.webp","contentUrl":"https:\/\/uwucon.co\/afterdark\/wp-content\/uploads\/2026\/01\/logo-tipografia.webp","width":1000,"height":618},{"@type":"BreadcrumbList","@id":"https:\/\/uwucon.co\/afterdark\/privacy\/#breadcrumb","itemListElement":[{"@type":"ListItem","position":1,"name":"Home","item":"https:\/\/uwucon.co\/afterdark\/"},{"@type":"ListItem","position":2,"name":"Pol\u00edtica de privacidad"}]},{"@type":"WebSite","@id":"https:\/\/uwucon.co\/afterdark\/#website","url":"https:\/\/uwucon.co\/afterdark\/","name":"UWUCON AFTERDARK","description":"","potentialAction":[{"@type":"SearchAction","target":{"@type":"EntryPoint","urlTemplate":"https:\/\/uwucon.co\/afterdark\/?s={search_term_string}"},"query-input":{"@type":"PropertyValueSpecification","valueRequired":true,"valueName":"search_term_string"}}],"inLanguage":"es"}]}},"_links":{"self":[{"href":"https:\/\/uwucon.co\/afterdark\/wp-json\/wp\/v2\/pages\/340","targetHints":{"allow":["GET"]}}],"collection":[{"href":"https:\/\/uwucon.co\/afterdark\/wp-json\/wp\/v2\/pages"}],"about":[{"href":"https:\/\/uwucon.co\/afterdark\/wp-json\/wp\/v2\/types\/page"}],"author":[{"embeddable":true,"href":"https:\/\/uwucon.co\/afterdark\/wp-json\/wp\/v2\/users\/1"}],"replies":[{"embeddable":true,"href":"https:\/\/uwucon.co\/afterdark\/wp-json\/wp\/v2\/comments?post=340"}],"version-history":[{"count":25,"href":"https:\/\/uwucon.co\/afterdark\/wp-json\/wp\/v2\/pages\/340\/revisions"}],"predecessor-version":[{"id":521,"href":"https:\/\/uwucon.co\/afterdark\/wp-json\/wp\/v2\/pages\/340\/revisions\/521"}],"wp:attachment":[{"href":"https:\/\/uwucon.co\/afterdark\/wp-json\/wp\/v2\/media?parent=340"}],"curies":[{"name":"wp","href":"https:\/\/api.w.org\/{rel}","templated":true}]}}