{"id":170,"date":"2026-01-24T01:18:19","date_gmt":"2026-01-24T00:18:19","guid":{"rendered":"https:\/\/uwucon.co\/afterdark\/?page_id=170"},"modified":"2026-01-31T13:31:28","modified_gmt":"2026-01-31T12:31:28","slug":"home","status":"publish","type":"page","link":"https:\/\/uwucon.co\/afterdark\/","title":{"rendered":"Home"},"content":{"rendered":"\t\t<div data-elementor-type=\"wp-page\" data-elementor-id=\"170\" class=\"elementor elementor-170\">\n\t\t\t\t<div class=\"elementor-element elementor-element-80b043f e-con-full e-flex e-con e-parent\" data-id=\"80b043f\" data-element_type=\"container\" data-settings=\"{&quot;background_background&quot;:&quot;classic&quot;}\">\n\t\t\t\t<div class=\"elementor-element elementor-element-fdeb6e6 fuenteUWU elementor-widget elementor-widget-heading\" data-id=\"fdeb6e6\" data-element_type=\"widget\" data-widget_type=\"heading.default\">\n\t\t\t\t<div class=\"elementor-widget-container\">\n\t\t\t\t\t<h2 class=\"elementor-heading-title elementor-size-default\">Donde la cultura Geek se vuelve Rave<\/h2>\t\t\t\t<\/div>\n\t\t\t\t<\/div>\n\t\t<div class=\"elementor-element elementor-element-5004401 e-flex e-con-boxed e-con e-child\" data-id=\"5004401\" data-element_type=\"container\">\n\t\t\t\t\t<div class=\"e-con-inner\">\n\t\t\t\t<div class=\"elementor-element elementor-element-ac925b6 fuenteUWU elementor-widget elementor-widget-button\" data-id=\"ac925b6\" data-element_type=\"widget\" data-widget_type=\"button.default\">\n\t\t\t\t<div class=\"elementor-widget-container\">\n\t\t\t\t\t\t\t\t\t<div class=\"elementor-button-wrapper\">\n\t\t\t\t\t<a class=\"elementor-button elementor-button-link elementor-size-sm\" href=\"\/afterdark\/entradas\">\n\t\t\t\t\t\t<span class=\"elementor-button-content-wrapper\">\n\t\t\t\t\t\t\t\t\t<span class=\"elementor-button-text\">Comprar entradas<\/span>\n\t\t\t\t\t<\/span>\n\t\t\t\t\t<\/a>\n\t\t\t\t<\/div>\n\t\t\t\t\t\t\t\t<\/div>\n\t\t\t\t<\/div>\n\t\t\t\t<div class=\"elementor-element elementor-element-e77dda4 fuenteUWU elementor-widget elementor-widget-button\" data-id=\"e77dda4\" data-element_type=\"widget\" data-widget_type=\"button.default\">\n\t\t\t\t<div class=\"elementor-widget-container\">\n\t\t\t\t\t\t\t\t\t<div class=\"elementor-button-wrapper\">\n\t\t\t\t\t<a class=\"elementor-button elementor-button-link elementor-size-sm\" href=\"\/afterdark\/entradas\">\n\t\t\t\t\t\t<span class=\"elementor-button-content-wrapper\">\n\t\t\t\t\t\t\t\t\t<span class=\"elementor-button-text\">Unirme al UWU<\/span>\n\t\t\t\t\t<\/span>\n\t\t\t\t\t<\/a>\n\t\t\t\t<\/div>\n\t\t\t\t\t\t\t\t<\/div>\n\t\t\t\t<\/div>\n\t\t\t\t\t<\/div>\n\t\t\t\t<\/div>\n\t\t\t\t<\/div>\n\t\t<div class=\"elementor-element elementor-element-fa99bac e-flex e-con-boxed e-con e-parent\" data-id=\"fa99bac\" data-element_type=\"container\">\n\t\t\t\t\t<div class=\"e-con-inner\">\n\t\t<div class=\"elementor-element elementor-element-d0b5c4a e-con-full e-flex e-con e-child\" data-id=\"d0b5c4a\" data-element_type=\"container\">\n\t\t\t\t<div class=\"elementor-element elementor-element-8f43e74 elementor-arrows-position-outside elementor-widget elementor-widget-image-carousel\" data-id=\"8f43e74\" data-element_type=\"widget\" data-settings=\"{&quot;slides_to_show&quot;:&quot;1&quot;,&quot;navigation&quot;:&quot;arrows&quot;,&quot;autoplay&quot;:&quot;yes&quot;,&quot;pause_on_hover&quot;:&quot;yes&quot;,&quot;pause_on_interaction&quot;:&quot;yes&quot;,&quot;autoplay_speed&quot;:5000,&quot;infinite&quot;:&quot;yes&quot;,&quot;effect&quot;:&quot;slide&quot;,&quot;speed&quot;:500}\" data-widget_type=\"image-carousel.default\">\n\t\t\t\t<div class=\"elementor-widget-container\">\n\t\t\t\t\t\t\t<div class=\"elementor-image-carousel-wrapper swiper\" role=\"region\" aria-roledescription=\"carousel\" aria-label=\"Carrusel de im\u00e1genes\" dir=\"ltr\">\n\t\t\t<div class=\"elementor-image-carousel swiper-wrapper swiper-image-stretch\" aria-live=\"off\">\n\t\t\t\t\t\t\t\t<div class=\"swiper-slide\" role=\"group\" aria-roledescription=\"slide\" aria-label=\"1 de 3\"><figure class=\"swiper-slide-inner\"><img decoding=\"async\" class=\"swiper-slide-image\" src=\"https:\/\/uwucon.co\/afterdark\/wp-content\/uploads\/2026\/01\/gall1.webp\" alt=\"gall1\" \/><\/figure><\/div><div class=\"swiper-slide\" role=\"group\" aria-roledescription=\"slide\" aria-label=\"2 de 3\"><figure class=\"swiper-slide-inner\"><img decoding=\"async\" class=\"swiper-slide-image\" src=\"https:\/\/uwucon.co\/afterdark\/wp-content\/uploads\/2026\/01\/gall2.webp\" alt=\"gall2\" \/><\/figure><\/div><div class=\"swiper-slide\" role=\"group\" aria-roledescription=\"slide\" aria-label=\"3 de 3\"><figure class=\"swiper-slide-inner\"><img decoding=\"async\" class=\"swiper-slide-image\" src=\"https:\/\/uwucon.co\/afterdark\/wp-content\/uploads\/2026\/01\/gall3.webp\" alt=\"gall3\" \/><\/figure><\/div>\t\t\t<\/div>\n\t\t\t\t\t\t\t\t\t\t\t\t<div class=\"elementor-swiper-button elementor-swiper-button-prev\" role=\"button\" tabindex=\"0\">\n\t\t\t\t\t\t<svg xmlns=\"http:\/\/www.w3.org\/2000\/svg\" xmlns:xlink=\"http:\/\/www.w3.org\/1999\/xlink\" xmlns:serif=\"http:\/\/www.serif.com\/\" width=\"100%\" height=\"100%\" viewBox=\"0 0 715 717\" xml:space=\"preserve\" style=\"fill-rule:evenodd;clip-rule:evenodd;stroke-linejoin:round;stroke-miterlimit:2;\">    <g transform=\"matrix(8.33333,0,0,8.33333,432.518,354.791)\">        <path d=\"M0,0.348L5.24,-5.054L17.562,-5.24L21.168,-1.811C21.405,-1.644 21.227,-1.44 21.244,-1.283C21.35,-0.281 21.287,0.729 21.322,1.732L17.786,5.373L5.402,5.588L0,0.348Z\" style=\"fill:rgb(247,247,247);fill-rule:nonzero;\"><\/path>    <\/g>    <g transform=\"matrix(8.33333,0,0,8.33333,44.6,352.808)\">        <path d=\"M0,1.296L39.9,39.997C40.958,39.983 42.015,39.96 43.073,39.951C43.394,39.949 43.729,39.984 43.979,39.98C44.745,39.968 46.023,40.031 46.715,39.942C46.832,39.927 46.946,39.906 47.054,39.855L54.078,32.622L53.995,25.465L39.558,11.461L68.059,10.997L76.678,2.149C76.829,2.037 76.829,1.932 76.859,1.773C76.92,1.443 76.867,-1.025 76.806,-1.401C76.78,-1.557 76.786,-1.707 76.665,-1.834L67.701,-10.472C58.311,-10.451 48.906,-10.228 39.509,-10.106L39.227,-10.196L53.231,-24.633L53.098,-31.665C50.654,-34.019 48.28,-36.499 45.733,-38.718C43.382,-38.675 41.049,-38.615 38.701,-38.604L0,1.296ZM-5.352,1.378L36.934,-42.218C36.944,-42.229 37.069,-42.123 37.212,-42.124C40.659,-42.132 44.115,-42.232 47.559,-42.337L56.461,-33.708L56.652,-33.4L56.807,-22.758L48.136,-13.817L48.417,-13.728L69.452,-14.047L80.136,-3.755L80.328,-3.384L80.404,3.711L69.949,14.489L48.853,14.836L48.574,14.934L57.514,23.606L57.684,34.247C54.872,37.406 51.8,40.389 48.854,43.445L38.212,43.633L-5.352,1.378Z\" style=\"fill:rgb(1,2,2);fill-rule:nonzero;\"><\/path>    <\/g>    <g transform=\"matrix(8.33333,0,0,8.33333,432.518,358.874)\">        <path d=\"M0,-0.142L5.402,5.098L17.786,4.883L21.322,1.242C21.287,0.239 21.35,-0.771 21.244,-1.773C21.227,-1.93 21.405,-2.134 21.168,-2.301L17.562,-5.73L5.24,-5.544L0,-0.142ZM-14.55,-5.242L-19.698,0.065C-19.705,0.072 -19.702,0.245 -19.695,0.252L-14.325,5.461C-9.653,5.298 -4.958,5.451 -0.291,5.297C0.006,5.287 0.373,5.189 0.672,5.168C1.015,5.145 1.343,5.261 1.637,5.124L-3.639,0.007C-3.646,-0 -3.649,-0.173 -3.642,-0.18L1.475,-5.455C-3.872,-5.38 -9.224,-5.439 -14.55,-5.242M-6.661,30.43C-5.525,30.43 -4.445,30.202 -3.302,30.252C-2.677,29.686 -1.97,29.055 -1.519,28.359L-1.58,24.999L-15.029,11.883C-15.15,11.756 -15.144,11.606 -15.17,11.45C-15.327,10.481 -15.093,9.16 -15.217,8.151L-23.305,0.307C-23.311,0.3 -23.314,0.127 -23.308,0.12L-15.463,-7.967C-15.369,-8.979 -15.644,-10.292 -15.516,-11.265C-15.495,-11.422 -15.505,-11.572 -15.389,-11.703L-2.346,-25.223L-2.388,-28.584C-2.863,-29.271 -3.589,-29.872 -4.228,-30.425C-5.36,-30.389 -6.513,-30.363 -7.652,-30.433L-37.497,0.337C-37.503,0.343 -37.501,0.517 -37.494,0.523L-6.661,30.43ZM-46.55,0.568L-7.85,-39.331C-5.501,-39.343 -3.168,-39.402 -0.817,-39.445C1.73,-37.227 4.103,-34.746 6.548,-32.393L6.68,-25.361L-7.323,-10.924L-7.041,-10.834C2.356,-10.956 11.761,-11.179 21.151,-11.2L30.115,-2.562C30.235,-2.435 30.23,-2.285 30.256,-2.129C30.317,-1.753 30.37,0.715 30.309,1.045C30.279,1.204 30.279,1.309 30.128,1.421L21.508,10.269L-6.993,10.733L7.445,24.737L7.528,31.894L0.504,39.128C0.396,39.178 0.282,39.199 0.165,39.214C-0.527,39.303 -1.805,39.241 -2.571,39.252C-2.821,39.256 -3.156,39.221 -3.477,39.224C-4.535,39.232 -5.593,39.255 -6.651,39.269L-46.55,0.568Z\" style=\"fill:rgb(91,31,204);fill-rule:nonzero;\"><\/path>    <\/g>    <g transform=\"matrix(8.33333,0,0,8.33333,377.01,105.263)\">        <path d=\"M0,60.863L-30.833,30.957C-30.84,30.95 -30.842,30.777 -30.836,30.77L-0.991,0C0.148,0.07 1.301,0.044 2.433,0.009C3.072,0.561 3.798,1.162 4.273,1.85L4.315,5.21L-8.728,18.73C-8.844,18.861 -8.835,19.011 -8.855,19.168C-8.983,20.141 -8.709,21.454 -8.802,22.466L-16.647,30.553C-16.653,30.56 -16.651,30.734 -16.644,30.74L-8.557,38.584C-8.432,39.593 -8.667,40.914 -8.509,41.883C-8.483,42.039 -8.489,42.189 -8.368,42.316L5.081,55.432L5.142,58.793C4.691,59.489 3.984,60.119 3.359,60.685C2.216,60.635 1.136,60.863 0,60.863\" style=\"fill:rgb(247,247,247);fill-rule:nonzero;\"><\/path>    <\/g>    <g transform=\"matrix(8.33333,0,0,8.33333,311.266,402.606)\">        <path d=\"M0,-10.49C5.326,-10.687 10.678,-10.628 16.025,-10.703L10.908,-5.428C10.902,-5.421 10.904,-5.247 10.911,-5.241L16.187,-0.124C15.893,0.014 15.565,-0.102 15.223,-0.079C14.923,-0.059 14.556,0.039 14.26,0.049C9.593,0.203 4.897,0.05 0.226,0.213L-5.145,-4.996C-5.152,-5.003 -5.154,-5.176 -5.148,-5.183L0,-10.49Z\" style=\"fill:rgb(247,247,247);fill-rule:nonzero;\"><\/path>    <\/g><\/svg>\t\t\t\t\t<\/div>\n\t\t\t\t\t<div class=\"elementor-swiper-button elementor-swiper-button-next\" role=\"button\" tabindex=\"0\">\n\t\t\t\t\t\t<svg xmlns=\"http:\/\/www.w3.org\/2000\/svg\" xmlns:xlink=\"http:\/\/www.w3.org\/1999\/xlink\" xmlns:serif=\"http:\/\/www.serif.com\/\" width=\"100%\" height=\"100%\" viewBox=\"0 0 715 717\" xml:space=\"preserve\" style=\"fill-rule:evenodd;clip-rule:evenodd;stroke-linejoin:round;stroke-miterlimit:2;\">    <g transform=\"matrix(-8.33333,0,0,8.33333,282.115,354.791)\">        <path d=\"M0,0.348L5.24,-5.054L17.562,-5.24L21.168,-1.811C21.405,-1.644 21.227,-1.44 21.244,-1.283C21.35,-0.281 21.287,0.729 21.322,1.732L17.786,5.373L5.402,5.588L0,0.348Z\" style=\"fill:rgb(247,247,247);fill-rule:nonzero;\"><\/path>    <\/g>    <g transform=\"matrix(-8.33333,0,0,8.33333,670.033,352.808)\">        <path d=\"M0,1.296L39.9,39.997C40.958,39.983 42.015,39.96 43.073,39.951C43.394,39.949 43.729,39.984 43.979,39.98C44.745,39.968 46.023,40.031 46.715,39.942C46.832,39.927 46.946,39.906 47.054,39.855L54.078,32.622L53.995,25.465L39.558,11.461L68.059,10.997L76.678,2.149C76.829,2.037 76.829,1.932 76.859,1.773C76.92,1.443 76.867,-1.025 76.806,-1.401C76.78,-1.557 76.786,-1.707 76.665,-1.834L67.701,-10.472C58.311,-10.451 48.906,-10.228 39.509,-10.106L39.227,-10.196L53.231,-24.633L53.098,-31.665C50.654,-34.019 48.28,-36.499 45.733,-38.718C43.382,-38.675 41.049,-38.615 38.701,-38.604L0,1.296ZM-5.352,1.378L36.934,-42.218C36.944,-42.229 37.069,-42.123 37.212,-42.124C40.659,-42.132 44.115,-42.232 47.559,-42.337L56.461,-33.708L56.652,-33.4L56.807,-22.758L48.136,-13.817L48.417,-13.728L69.452,-14.047L80.136,-3.755L80.328,-3.384L80.404,3.711L69.949,14.489L48.853,14.836L48.574,14.934L57.514,23.606L57.684,34.247C54.872,37.406 51.8,40.389 48.854,43.445L38.212,43.633L-5.352,1.378Z\" style=\"fill:rgb(1,2,2);fill-rule:nonzero;\"><\/path>    <\/g>    <g transform=\"matrix(-8.33333,0,0,8.33333,282.115,358.874)\">        <path d=\"M0,-0.142L5.402,5.098L17.786,4.883L21.322,1.242C21.287,0.239 21.35,-0.771 21.244,-1.773C21.227,-1.93 21.405,-2.134 21.168,-2.301L17.562,-5.73L5.24,-5.544L0,-0.142ZM-14.55,-5.242L-19.698,0.065C-19.705,0.072 -19.702,0.245 -19.695,0.252L-14.325,5.461C-9.653,5.298 -4.958,5.451 -0.291,5.297C0.006,5.287 0.373,5.189 0.672,5.168C1.015,5.145 1.343,5.261 1.637,5.124L-3.639,0.007C-3.646,-0 -3.649,-0.173 -3.642,-0.18L1.475,-5.455C-3.872,-5.38 -9.224,-5.439 -14.55,-5.242M-6.661,30.43C-5.525,30.43 -4.445,30.202 -3.302,30.252C-2.677,29.686 -1.97,29.055 -1.519,28.359L-1.58,24.999L-15.029,11.883C-15.15,11.756 -15.144,11.606 -15.17,11.45C-15.327,10.481 -15.093,9.16 -15.217,8.151L-23.305,0.307C-23.311,0.3 -23.314,0.127 -23.308,0.12L-15.463,-7.967C-15.369,-8.979 -15.644,-10.292 -15.516,-11.265C-15.495,-11.422 -15.505,-11.572 -15.389,-11.703L-2.346,-25.223L-2.388,-28.584C-2.863,-29.271 -3.589,-29.872 -4.228,-30.425C-5.36,-30.389 -6.513,-30.363 -7.652,-30.433L-37.497,0.337C-37.503,0.343 -37.501,0.517 -37.494,0.523L-6.661,30.43ZM-46.55,0.568L-7.85,-39.331C-5.501,-39.343 -3.168,-39.402 -0.817,-39.445C1.73,-37.227 4.103,-34.746 6.548,-32.393L6.68,-25.361L-7.323,-10.924L-7.041,-10.834C2.356,-10.956 11.761,-11.179 21.151,-11.2L30.115,-2.562C30.235,-2.435 30.23,-2.285 30.256,-2.129C30.317,-1.753 30.37,0.715 30.309,1.045C30.279,1.204 30.279,1.309 30.128,1.421L21.508,10.269L-6.993,10.733L7.445,24.737L7.528,31.894L0.504,39.128C0.396,39.178 0.282,39.199 0.165,39.214C-0.527,39.303 -1.805,39.241 -2.571,39.252C-2.821,39.256 -3.156,39.221 -3.477,39.224C-4.535,39.232 -5.593,39.255 -6.651,39.269L-46.55,0.568Z\" style=\"fill:rgb(91,31,204);fill-rule:nonzero;\"><\/path>    <\/g>    <g transform=\"matrix(-8.33333,0,0,8.33333,337.623,105.263)\">        <path d=\"M0,60.863L-30.833,30.957C-30.84,30.95 -30.842,30.777 -30.836,30.77L-0.991,0C0.148,0.07 1.301,0.044 2.433,0.009C3.072,0.561 3.798,1.162 4.273,1.85L4.315,5.21L-8.728,18.73C-8.844,18.861 -8.835,19.011 -8.855,19.168C-8.983,20.141 -8.709,21.454 -8.802,22.466L-16.647,30.553C-16.653,30.56 -16.651,30.734 -16.644,30.74L-8.557,38.584C-8.432,39.593 -8.667,40.914 -8.509,41.883C-8.483,42.039 -8.489,42.189 -8.368,42.316L5.081,55.432L5.142,58.793C4.691,59.489 3.984,60.119 3.359,60.685C2.216,60.635 1.136,60.863 0,60.863\" style=\"fill:rgb(247,247,247);fill-rule:nonzero;\"><\/path>    <\/g>    <g transform=\"matrix(-8.33333,0,0,8.33333,403.368,402.606)\">        <path d=\"M0,-10.49C5.326,-10.687 10.678,-10.628 16.025,-10.703L10.908,-5.428C10.902,-5.421 10.904,-5.247 10.911,-5.241L16.187,-0.124C15.893,0.014 15.565,-0.102 15.223,-0.079C14.923,-0.059 14.556,0.039 14.26,0.049C9.593,0.203 4.897,0.05 0.226,0.213L-5.145,-4.996C-5.152,-5.003 -5.154,-5.176 -5.148,-5.183L0,-10.49Z\" style=\"fill:rgb(247,247,247);fill-rule:nonzero;\"><\/path>    <\/g><\/svg>\t\t\t\t\t<\/div>\n\t\t\t\t\n\t\t\t\t\t\t\t\t\t<\/div>\n\t\t\t\t\t\t<\/div>\n\t\t\t\t<\/div>\n\t\t\t\t<\/div>\n\t\t<div class=\"elementor-element elementor-element-69f8d08 e-con-full e-flex e-con e-child\" data-id=\"69f8d08\" data-element_type=\"container\">\n\t\t\t\t<div class=\"elementor-element elementor-element-799529c fuenteUWU elementor-widget elementor-widget-heading\" data-id=\"799529c\" data-element_type=\"widget\" data-widget_type=\"heading.default\">\n\t\t\t\t<div class=\"elementor-widget-container\">\n\t\t\t\t\t<h2 class=\"elementor-heading-title elementor-size-default\">Un movimiento de comunidad<\/h2>\t\t\t\t<\/div>\n\t\t\t\t<\/div>\n\t\t\t\t<div class=\"elementor-element elementor-element-2ffc8fb elementor-widget elementor-widget-text-editor\" data-id=\"2ffc8fb\" data-element_type=\"widget\" data-widget_type=\"text-editor.default\">\n\t\t\t\t<div class=\"elementor-widget-container\">\n\t\t\t\t\t\t\t\t\t<p>UwUAfterDark naci\u00f3 del vac\u00edo que todos sent\u00edamos: muchos eventos\u2026 pero ning\u00fan lugar donde el fandom pudiera perrear un opening, gritar un K-pop banger o bailar con su cosplay.<\/p><p>As\u00ed que lo hicimos nosotros.<\/p><p>Raves de anime + cosplay + cultura geek, con DJs que crecieron en la misma escena y entienden exactamente qu\u00e9 hace vibrar al p\u00fablico.<\/p><p>Y lo m\u00e1s importante:<br \/>Una comunidad que baila, grita, se abraza y se cuida.<\/p>\t\t\t\t\t\t\t\t<\/div>\n\t\t\t\t<\/div>\n\t\t\t\t<\/div>\n\t\t\t\t\t<\/div>\n\t\t\t\t<\/div>\n\t\t\t\t<\/div>\n\t\t","protected":false},"excerpt":{"rendered":"<p>Donde la cultura Geek se vuelve Rave Comprar entradas Unirme al UWU Un movimiento de comunidad UwUAfterDark naci\u00f3 del vac\u00edo que todos sent\u00edamos: muchos eventos\u2026 pero ning\u00fan lugar donde el fandom pudiera perrear un opening, gritar un K-pop banger o bailar con su cosplay. As\u00ed que lo hicimos nosotros. Raves de anime + cosplay + [&hellip;]<\/p>\n","protected":false},"author":1,"featured_media":0,"parent":0,"menu_order":0,"comment_status":"closed","ping_status":"closed","template":"elementor_header_footer","meta":{"footnotes":""},"class_list":["post-170","page","type-page","status-publish","hentry"],"yoast_head":"<!-- This site is optimized with the Yoast SEO plugin v26.8 - https:\/\/yoast.com\/product\/yoast-seo-wordpress\/ -->\n<title>Home - UWUCON AFTERDARK<\/title>\n<meta name=\"robots\" content=\"index, follow, max-snippet:-1, max-image-preview:large, max-video-preview:-1\" \/>\n<link rel=\"canonical\" href=\"https:\/\/uwucon.co\/afterdark\/\" \/>\n<meta property=\"og:locale\" content=\"es_ES\" \/>\n<meta property=\"og:type\" content=\"article\" \/>\n<meta property=\"og:title\" content=\"Home - UWUCON AFTERDARK\" \/>\n<meta property=\"og:description\" content=\"Donde la cultura Geek se vuelve Rave Comprar entradas Unirme al UWU Un movimiento de comunidad UwUAfterDark naci\u00f3 del vac\u00edo que todos sent\u00edamos: muchos eventos\u2026 pero ning\u00fan lugar donde el fandom pudiera perrear un opening, gritar un K-pop banger o bailar con su cosplay. As\u00ed que lo hicimos nosotros. Raves de anime + cosplay + [&hellip;]\" \/>\n<meta property=\"og:url\" content=\"https:\/\/uwucon.co\/afterdark\/\" \/>\n<meta property=\"og:site_name\" content=\"UWUCON AFTERDARK\" \/>\n<meta property=\"article:modified_time\" content=\"2026-01-31T12:31:28+00:00\" \/>\n<meta property=\"og:image\" content=\"https:\/\/uwucon.co\/afterdark\/wp-content\/uploads\/2026\/01\/gall1.webp\" \/>\n<meta name=\"twitter:card\" content=\"summary_large_image\" \/>\n<meta name=\"twitter:label1\" content=\"Tiempo de lectura\" \/>\n\t<meta name=\"twitter:data1\" content=\"2 minutos\" \/>\n<script type=\"application\/ld+json\" class=\"yoast-schema-graph\">{\"@context\":\"https:\/\/schema.org\",\"@graph\":[{\"@type\":\"WebPage\",\"@id\":\"https:\/\/uwucon.co\/afterdark\/\",\"url\":\"https:\/\/uwucon.co\/afterdark\/\",\"name\":\"Home - UWUCON AFTERDARK\",\"isPartOf\":{\"@id\":\"https:\/\/uwucon.co\/afterdark\/#website\"},\"primaryImageOfPage\":{\"@id\":\"https:\/\/uwucon.co\/afterdark\/#primaryimage\"},\"image\":{\"@id\":\"https:\/\/uwucon.co\/afterdark\/#primaryimage\"},\"thumbnailUrl\":\"https:\/\/uwucon.co\/afterdark\/wp-content\/uploads\/2026\/01\/gall1.webp\",\"datePublished\":\"2026-01-24T00:18:19+00:00\",\"dateModified\":\"2026-01-31T12:31:28+00:00\",\"breadcrumb\":{\"@id\":\"https:\/\/uwucon.co\/afterdark\/#breadcrumb\"},\"inLanguage\":\"es\",\"potentialAction\":[{\"@type\":\"ReadAction\",\"target\":[\"https:\/\/uwucon.co\/afterdark\/\"]}]},{\"@type\":\"ImageObject\",\"inLanguage\":\"es\",\"@id\":\"https:\/\/uwucon.co\/afterdark\/#primaryimage\",\"url\":\"https:\/\/uwucon.co\/afterdark\/wp-content\/uploads\/2026\/01\/gall1.webp\",\"contentUrl\":\"https:\/\/uwucon.co\/afterdark\/wp-content\/uploads\/2026\/01\/gall1.webp\",\"width\":1000,\"height\":1071},{\"@type\":\"BreadcrumbList\",\"@id\":\"https:\/\/uwucon.co\/afterdark\/#breadcrumb\",\"itemListElement\":[{\"@type\":\"ListItem\",\"position\":1,\"name\":\"Home\",\"item\":\"https:\/\/uwucon.co\/afterdark\/\"},{\"@type\":\"ListItem\",\"position\":2,\"name\":\"Home\"}]},{\"@type\":\"WebSite\",\"@id\":\"https:\/\/uwucon.co\/afterdark\/#website\",\"url\":\"https:\/\/uwucon.co\/afterdark\/\",\"name\":\"UWUCON AFTERDARK\",\"description\":\"\",\"potentialAction\":[{\"@type\":\"SearchAction\",\"target\":{\"@type\":\"EntryPoint\",\"urlTemplate\":\"https:\/\/uwucon.co\/afterdark\/?s={search_term_string}\"},\"query-input\":{\"@type\":\"PropertyValueSpecification\",\"valueRequired\":true,\"valueName\":\"search_term_string\"}}],\"inLanguage\":\"es\"}]}<\/script>\n<!-- \/ Yoast SEO plugin. -->","yoast_head_json":{"title":"Home - UWUCON AFTERDARK","robots":{"index":"index","follow":"follow","max-snippet":"max-snippet:-1","max-image-preview":"max-image-preview:large","max-video-preview":"max-video-preview:-1"},"canonical":"https:\/\/uwucon.co\/afterdark\/","og_locale":"es_ES","og_type":"article","og_title":"Home - UWUCON AFTERDARK","og_description":"Donde la cultura Geek se vuelve Rave Comprar entradas Unirme al UWU Un movimiento de comunidad UwUAfterDark naci\u00f3 del vac\u00edo que todos sent\u00edamos: muchos eventos\u2026 pero ning\u00fan lugar donde el fandom pudiera perrear un opening, gritar un K-pop banger o bailar con su cosplay. As\u00ed que lo hicimos nosotros. Raves de anime + cosplay + [&hellip;]","og_url":"https:\/\/uwucon.co\/afterdark\/","og_site_name":"UWUCON AFTERDARK","article_modified_time":"2026-01-31T12:31:28+00:00","og_image":[{"url":"https:\/\/uwucon.co\/afterdark\/wp-content\/uploads\/2026\/01\/gall1.webp","type":"","width":"","height":""}],"twitter_card":"summary_large_image","twitter_misc":{"Tiempo de lectura":"2 minutos"},"schema":{"@context":"https:\/\/schema.org","@graph":[{"@type":"WebPage","@id":"https:\/\/uwucon.co\/afterdark\/","url":"https:\/\/uwucon.co\/afterdark\/","name":"Home - UWUCON AFTERDARK","isPartOf":{"@id":"https:\/\/uwucon.co\/afterdark\/#website"},"primaryImageOfPage":{"@id":"https:\/\/uwucon.co\/afterdark\/#primaryimage"},"image":{"@id":"https:\/\/uwucon.co\/afterdark\/#primaryimage"},"thumbnailUrl":"https:\/\/uwucon.co\/afterdark\/wp-content\/uploads\/2026\/01\/gall1.webp","datePublished":"2026-01-24T00:18:19+00:00","dateModified":"2026-01-31T12:31:28+00:00","breadcrumb":{"@id":"https:\/\/uwucon.co\/afterdark\/#breadcrumb"},"inLanguage":"es","potentialAction":[{"@type":"ReadAction","target":["https:\/\/uwucon.co\/afterdark\/"]}]},{"@type":"ImageObject","inLanguage":"es","@id":"https:\/\/uwucon.co\/afterdark\/#primaryimage","url":"https:\/\/uwucon.co\/afterdark\/wp-content\/uploads\/2026\/01\/gall1.webp","contentUrl":"https:\/\/uwucon.co\/afterdark\/wp-content\/uploads\/2026\/01\/gall1.webp","width":1000,"height":1071},{"@type":"BreadcrumbList","@id":"https:\/\/uwucon.co\/afterdark\/#breadcrumb","itemListElement":[{"@type":"ListItem","position":1,"name":"Home","item":"https:\/\/uwucon.co\/afterdark\/"},{"@type":"ListItem","position":2,"name":"Home"}]},{"@type":"WebSite","@id":"https:\/\/uwucon.co\/afterdark\/#website","url":"https:\/\/uwucon.co\/afterdark\/","name":"UWUCON AFTERDARK","description":"","potentialAction":[{"@type":"SearchAction","target":{"@type":"EntryPoint","urlTemplate":"https:\/\/uwucon.co\/afterdark\/?s={search_term_string}"},"query-input":{"@type":"PropertyValueSpecification","valueRequired":true,"valueName":"search_term_string"}}],"inLanguage":"es"}]}},"_links":{"self":[{"href":"https:\/\/uwucon.co\/afterdark\/wp-json\/wp\/v2\/pages\/170","targetHints":{"allow":["GET"]}}],"collection":[{"href":"https:\/\/uwucon.co\/afterdark\/wp-json\/wp\/v2\/pages"}],"about":[{"href":"https:\/\/uwucon.co\/afterdark\/wp-json\/wp\/v2\/types\/page"}],"author":[{"embeddable":true,"href":"https:\/\/uwucon.co\/afterdark\/wp-json\/wp\/v2\/users\/1"}],"replies":[{"embeddable":true,"href":"https:\/\/uwucon.co\/afterdark\/wp-json\/wp\/v2\/comments?post=170"}],"version-history":[{"count":31,"href":"https:\/\/uwucon.co\/afterdark\/wp-json\/wp\/v2\/pages\/170\/revisions"}],"predecessor-version":[{"id":438,"href":"https:\/\/uwucon.co\/afterdark\/wp-json\/wp\/v2\/pages\/170\/revisions\/438"}],"wp:attachment":[{"href":"https:\/\/uwucon.co\/afterdark\/wp-json\/wp\/v2\/media?parent=170"}],"curies":[{"name":"wp","href":"https:\/\/api.w.org\/{rel}","templated":true}]}}